{"id":1034,"date":"2021-11-05T13:40:14","date_gmt":"2021-11-05T12:40:14","guid":{"rendered":"https:\/\/otolaryngologia.biofaktor.site\/news\/"},"modified":"2021-11-08T20:10:55","modified_gmt":"2021-11-08T19:10:55","slug":"news","status":"publish","type":"page","link":"https:\/\/otolaryngologia.biofaktor.pl\/en\/news\/","title":{"rendered":"News"},"content":{"rendered":"\t\t<div data-elementor-type=\"wp-page\" data-elementor-id=\"1034\" class=\"elementor elementor-1034 elementor-520\" data-elementor-post-type=\"page\">\n\t\t\t\t\t\t<section class=\"elementor-section elementor-top-section elementor-element elementor-element-ce4dc0f elementor-section-boxed elementor-section-height-default elementor-section-height-default\" data-id=\"ce4dc0f\" data-element_type=\"section\" data-settings=\"{&quot;background_background&quot;:&quot;classic&quot;}\">\n\t\t\t\t\t\t\t<div class=\"elementor-background-overlay\"><\/div>\n\t\t\t\t\t\t\t<div class=\"elementor-container elementor-column-gap-default\">\n\t\t\t\t\t<div class=\"elementor-column elementor-col-100 elementor-top-column elementor-element elementor-element-3b7c44b\" data-id=\"3b7c44b\" data-element_type=\"column\">\n\t\t\t<div class=\"elementor-widget-wrap elementor-element-populated\">\n\t\t\t\t\t\t<div class=\"elementor-element elementor-element-2a06fcf elementor-widget elementor-widget-heading\" data-id=\"2a06fcf\" data-element_type=\"widget\" data-widget_type=\"heading.default\">\n\t\t\t\t<div class=\"elementor-widget-container\">\n\t\t\t\t\t<h2 class=\"elementor-heading-title elementor-size-default\">News<\/h2>\t\t\t\t<\/div>\n\t\t\t\t<\/div>\n\t\t\t\t<div class=\"elementor-element elementor-element-df7ac86 elementor-widget-divider--view-line elementor-widget elementor-widget-divider\" data-id=\"df7ac86\" data-element_type=\"widget\" data-widget_type=\"divider.default\">\n\t\t\t\t<div class=\"elementor-widget-container\">\n\t\t\t\t\t\t\t<div class=\"elementor-divider\">\n\t\t\t<span class=\"elementor-divider-separator\">\n\t\t\t\t\t\t<\/span>\n\t\t<\/div>\n\t\t\t\t\t\t<\/div>\n\t\t\t\t<\/div>\n\t\t\t\t\t<\/div>\n\t\t<\/div>\n\t\t\t\t\t<\/div>\n\t\t<\/section>\n\t\t\t\t<section class=\"elementor-section elementor-top-section elementor-element elementor-element-0811cc7 elementor-section-boxed elementor-section-height-default elementor-section-height-default\" data-id=\"0811cc7\" data-element_type=\"section\">\n\t\t\t\t\t\t<div class=\"elementor-container elementor-column-gap-default\">\n\t\t\t\t\t<div class=\"elementor-column elementor-col-100 elementor-top-column elementor-element elementor-element-c24fe8e\" data-id=\"c24fe8e\" data-element_type=\"column\">\n\t\t\t<div class=\"elementor-widget-wrap elementor-element-populated\">\n\t\t\t\t\t\t<div class=\"elementor-element elementor-element-68b9d96e elementor-grid-3 elementor-grid-tablet-2 elementor-grid-mobile-1 elementor-posts--thumbnail-top elementor-widget elementor-widget-posts\" data-id=\"68b9d96e\" data-element_type=\"widget\" data-settings=\"{&quot;classic_row_gap&quot;:{&quot;unit&quot;:&quot;px&quot;,&quot;size&quot;:31,&quot;sizes&quot;:[]},&quot;classic_columns&quot;:&quot;3&quot;,&quot;classic_columns_tablet&quot;:&quot;2&quot;,&quot;classic_columns_mobile&quot;:&quot;1&quot;,&quot;classic_row_gap_tablet&quot;:{&quot;unit&quot;:&quot;px&quot;,&quot;size&quot;:&quot;&quot;,&quot;sizes&quot;:[]},&quot;classic_row_gap_mobile&quot;:{&quot;unit&quot;:&quot;px&quot;,&quot;size&quot;:&quot;&quot;,&quot;sizes&quot;:[]}}\" data-widget_type=\"posts.classic\">\n\t\t\t\t<div class=\"elementor-widget-container\">\n\t\t\t\t\t\t\t<div class=\"elementor-posts-container elementor-posts elementor-posts--skin-classic elementor-grid\">\n\t\t\t\t<article class=\"elementor-post elementor-grid-item post-992 post type-post status-publish format-standard has-post-thumbnail hentry category-uncategorized\">\n\t\t\t\t<a class=\"elementor-post__thumbnail__link\" href=\"https:\/\/otolaryngologia.biofaktor.pl\/en\/2021\/11\/05\/zmienia-sie-swiat-ale-najwyzsze-standardy-produkcji-biofaktor-nigdy\/\" tabindex=\"-1\" >\n\t\t\t<div class=\"elementor-post__thumbnail\"><img fetchpriority=\"high\" decoding=\"async\" width=\"1026\" height=\"600\" src=\"https:\/\/otolaryngologia.biofaktor.pl\/wp-content\/uploads\/2021\/10\/veterinarian-checking-health-lamb-domestic-animals@3x.webp\" class=\"attachment-full size-full wp-image-924\" alt=\"\" srcset=\"https:\/\/otolaryngologia.biofaktor.pl\/wp-content\/uploads\/2021\/10\/veterinarian-checking-health-lamb-domestic-animals@3x.webp 1026w, https:\/\/otolaryngologia.biofaktor.pl\/wp-content\/uploads\/2021\/10\/veterinarian-checking-health-lamb-domestic-animals@3x-540x316.webp 540w, https:\/\/otolaryngologia.biofaktor.pl\/wp-content\/uploads\/2021\/10\/veterinarian-checking-health-lamb-domestic-animals@3x-300x175.webp 300w, https:\/\/otolaryngologia.biofaktor.pl\/wp-content\/uploads\/2021\/10\/veterinarian-checking-health-lamb-domestic-animals@3x-1024x599.webp 1024w, https:\/\/otolaryngologia.biofaktor.pl\/wp-content\/uploads\/2021\/10\/veterinarian-checking-health-lamb-domestic-animals@3x-768x449.webp 768w\" sizes=\"(max-width: 1026px) 100vw, 1026px\" \/><\/div>\n\t\t<\/a>\n\t\t\t\t<div class=\"elementor-post__text\">\n\t\t\t\t<h3 class=\"elementor-post__title\">\n\t\t\t<a href=\"https:\/\/otolaryngologia.biofaktor.pl\/en\/2021\/11\/05\/zmienia-sie-swiat-ale-najwyzsze-standardy-produkcji-biofaktor-nigdy\/\" >\n\t\t\t\tZmienia si\u0119 \u015bwiat, ale najwy\u017csze standardy produkcji Biofaktor nigdy!\t\t\t<\/a>\n\t\t<\/h3>\n\t\t\t\t<div class=\"elementor-post__meta-data\">\n\t\t\t\t\t<span class=\"elementor-post-date\">\n\t\t\t5 November 2021\t\t<\/span>\n\t\t\t\t<\/div>\n\t\t\t\t<div class=\"elementor-post__excerpt\">\n\t\t\t<p>Z dum\u0105 informujemy, \u017ce nasz zak\u0142ad produkcyjny w Skierniewicach zosta\u0142 pomy\u015blnie skontrolowany przez mi\u0119dzynarodow\u0105 organizacj\u0119 certyfikuj\u0105c\u0105 LLOYD. Nasza bezkompromisowa polityka<\/p>\n\t\t<\/div>\n\t\t\n\t\t<a class=\"elementor-post__read-more\" href=\"https:\/\/otolaryngologia.biofaktor.pl\/en\/2021\/11\/05\/zmienia-sie-swiat-ale-najwyzsze-standardy-produkcji-biofaktor-nigdy\/\" aria-label=\"Read more about Zmienia si\u0119 \u015bwiat, ale najwy\u017csze standardy produkcji Biofaktor nigdy!\" tabindex=\"-1\" >\n\t\t\tRead more <i class=\"fas fa-long-arrow-alt-right\"><\/i>\t\t<\/a>\n\n\t\t\t\t<\/div>\n\t\t\t\t<\/article>\n\t\t\t\t<article class=\"elementor-post elementor-grid-item post-991 post type-post status-publish format-standard has-post-thumbnail hentry category-uncategorized\">\n\t\t\t\t<a class=\"elementor-post__thumbnail__link\" href=\"https:\/\/otolaryngologia.biofaktor.pl\/en\/2021\/11\/05\/ciezki-dzien-w-pracy-jestes-zmeczony\/\" tabindex=\"-1\" >\n\t\t\t<div class=\"elementor-post__thumbnail\"><img decoding=\"async\" width=\"1026\" height=\"600\" src=\"https:\/\/otolaryngologia.biofaktor.pl\/wp-content\/uploads\/2021\/10\/woman-scientist-chemist-protective-glasses-putting-glass-slide-microscope-laboratory@3x.webp\" class=\"attachment-full size-full wp-image-926\" alt=\"\" srcset=\"https:\/\/otolaryngologia.biofaktor.pl\/wp-content\/uploads\/2021\/10\/woman-scientist-chemist-protective-glasses-putting-glass-slide-microscope-laboratory@3x.webp 1026w, https:\/\/otolaryngologia.biofaktor.pl\/wp-content\/uploads\/2021\/10\/woman-scientist-chemist-protective-glasses-putting-glass-slide-microscope-laboratory@3x-540x316.webp 540w, https:\/\/otolaryngologia.biofaktor.pl\/wp-content\/uploads\/2021\/10\/woman-scientist-chemist-protective-glasses-putting-glass-slide-microscope-laboratory@3x-300x175.webp 300w, https:\/\/otolaryngologia.biofaktor.pl\/wp-content\/uploads\/2021\/10\/woman-scientist-chemist-protective-glasses-putting-glass-slide-microscope-laboratory@3x-1024x599.webp 1024w, https:\/\/otolaryngologia.biofaktor.pl\/wp-content\/uploads\/2021\/10\/woman-scientist-chemist-protective-glasses-putting-glass-slide-microscope-laboratory@3x-768x449.webp 768w\" sizes=\"(max-width: 1026px) 100vw, 1026px\" \/><\/div>\n\t\t<\/a>\n\t\t\t\t<div class=\"elementor-post__text\">\n\t\t\t\t<h3 class=\"elementor-post__title\">\n\t\t\t<a href=\"https:\/\/otolaryngologia.biofaktor.pl\/en\/2021\/11\/05\/ciezki-dzien-w-pracy-jestes-zmeczony\/\" >\n\t\t\t\tCi\u0119\u017cki dzie\u0144 w pracy, jeste\u015b zm\u0119czony?\t\t\t<\/a>\n\t\t<\/h3>\n\t\t\t\t<div class=\"elementor-post__meta-data\">\n\t\t\t\t\t<span class=\"elementor-post-date\">\n\t\t\t5 November 2021\t\t<\/span>\n\t\t\t\t<\/div>\n\t\t\t\t<div class=\"elementor-post__excerpt\">\n\t\t\t<p>5-http (5-hydroksytryptofan) to aminokwas wyst\u0119puj\u0105cy w du\u017cych ilo\u015bciach m.in. w nasionach ro\u015bliny Griffonia simplicifolia. Jest wykorzystywana przez organizm ludzki do syntezy serotoniny<\/p>\n\t\t<\/div>\n\t\t\n\t\t<a class=\"elementor-post__read-more\" href=\"https:\/\/otolaryngologia.biofaktor.pl\/en\/2021\/11\/05\/ciezki-dzien-w-pracy-jestes-zmeczony\/\" aria-label=\"Read more about Ci\u0119\u017cki dzie\u0144 w pracy, jeste\u015b zm\u0119czony?\" tabindex=\"-1\" >\n\t\t\tRead more <i class=\"fas fa-long-arrow-alt-right\"><\/i>\t\t<\/a>\n\n\t\t\t\t<\/div>\n\t\t\t\t<\/article>\n\t\t\t\t<article class=\"elementor-post elementor-grid-item post-990 post type-post status-publish format-standard has-post-thumbnail hentry category-uncategorized\">\n\t\t\t\t<a class=\"elementor-post__thumbnail__link\" href=\"https:\/\/otolaryngologia.biofaktor.pl\/en\/2021\/11\/05\/potrzebujesz-wsparcia-dla-swojego-ukladu-krazenia\/\" tabindex=\"-1\" >\n\t\t\t<div class=\"elementor-post__thumbnail\"><img decoding=\"async\" width=\"1026\" height=\"600\" src=\"https:\/\/otolaryngologia.biofaktor.pl\/wp-content\/uploads\/2021\/10\/close-up-doctor-patient-with-pills@3x.webp\" class=\"attachment-full size-full wp-image-925\" alt=\"\" srcset=\"https:\/\/otolaryngologia.biofaktor.pl\/wp-content\/uploads\/2021\/10\/close-up-doctor-patient-with-pills@3x.webp 1026w, https:\/\/otolaryngologia.biofaktor.pl\/wp-content\/uploads\/2021\/10\/close-up-doctor-patient-with-pills@3x-540x316.webp 540w, https:\/\/otolaryngologia.biofaktor.pl\/wp-content\/uploads\/2021\/10\/close-up-doctor-patient-with-pills@3x-300x175.webp 300w, https:\/\/otolaryngologia.biofaktor.pl\/wp-content\/uploads\/2021\/10\/close-up-doctor-patient-with-pills@3x-1024x599.webp 1024w, https:\/\/otolaryngologia.biofaktor.pl\/wp-content\/uploads\/2021\/10\/close-up-doctor-patient-with-pills@3x-768x449.webp 768w\" sizes=\"(max-width: 1026px) 100vw, 1026px\" \/><\/div>\n\t\t<\/a>\n\t\t\t\t<div class=\"elementor-post__text\">\n\t\t\t\t<h3 class=\"elementor-post__title\">\n\t\t\t<a href=\"https:\/\/otolaryngologia.biofaktor.pl\/en\/2021\/11\/05\/potrzebujesz-wsparcia-dla-swojego-ukladu-krazenia\/\" >\n\t\t\t\tPotrzebujesz wsparcia dla swojego uk\u0142adu kr\u0105\u017cenia?\t\t\t<\/a>\n\t\t<\/h3>\n\t\t\t\t<div class=\"elementor-post__meta-data\">\n\t\t\t\t\t<span class=\"elementor-post-date\">\n\t\t\t5 November 2021\t\t<\/span>\n\t\t\t\t<\/div>\n\t\t\t\t<div class=\"elementor-post__excerpt\">\n\t\t\t<p>CARDIO BIOFAKTOR to Tw\u00f3j wyb\u00f3r. G\u0142\u00f3g s\u0142u\u017cy do regulacji ci\u015bnienia krwi, tachykardii, arytmii oraz do poprawy kr\u0105\u017cenia krwi. Acerola jest bogatym \u017ar\u00f3d\u0142em witaminy C, kt\u00f3ra wspomaga regulacj\u0119<\/p>\n\t\t<\/div>\n\t\t\n\t\t<a class=\"elementor-post__read-more\" href=\"https:\/\/otolaryngologia.biofaktor.pl\/en\/2021\/11\/05\/potrzebujesz-wsparcia-dla-swojego-ukladu-krazenia\/\" aria-label=\"Read more about Potrzebujesz wsparcia dla swojego uk\u0142adu kr\u0105\u017cenia?\" tabindex=\"-1\" >\n\t\t\tRead more <i class=\"fas fa-long-arrow-alt-right\"><\/i>\t\t<\/a>\n\n\t\t\t\t<\/div>\n\t\t\t\t<\/article>\n\t\t\t\t<\/div>\n\t\t\n\t\t\t\t\t\t<\/div>\n\t\t\t\t<\/div>\n\t\t\t\t\t<\/div>\n\t\t<\/div>\n\t\t\t\t\t<\/div>\n\t\t<\/section>\n\t\t\t\t<\/div>\n\t\t","protected":false},"excerpt":{"rendered":"<p>News<\/p>\n","protected":false},"author":1,"featured_media":0,"parent":0,"menu_order":0,"comment_status":"closed","ping_status":"closed","template":"elementor_header_footer","meta":{"_acf_changed":false,"footnotes":""},"class_list":["post-1034","page","type-page","status-publish","hentry"],"acf":[],"yoast_head":"<!-- This site is optimized with the Yoast SEO plugin v26.6 - https:\/\/yoast.com\/wordpress\/plugins\/seo\/ -->\n<title>News - Otolaryngologia<\/title>\n<meta name=\"robots\" content=\"index, follow, max-snippet:-1, max-image-preview:large, max-video-preview:-1\" \/>\n<link rel=\"canonical\" href=\"https:\/\/otolaryngologia.biofaktor.pl\/en\/news\/\" \/>\n<meta property=\"og:locale\" content=\"en_US\" \/>\n<meta property=\"og:type\" content=\"article\" \/>\n<meta property=\"og:title\" content=\"News - Otolaryngologia\" \/>\n<meta property=\"og:description\" content=\"News\" \/>\n<meta property=\"og:url\" content=\"https:\/\/otolaryngologia.biofaktor.pl\/en\/news\/\" \/>\n<meta property=\"og:site_name\" content=\"Otolaryngologia\" \/>\n<meta property=\"article:publisher\" content=\"https:\/\/www.facebook.com\/biofaktor\" \/>\n<meta property=\"article:modified_time\" content=\"2021-11-08T19:10:55+00:00\" \/>\n<meta name=\"twitter:card\" content=\"summary_large_image\" \/>\n<meta name=\"twitter:label1\" content=\"Est. reading time\" \/>\n\t<meta name=\"twitter:data1\" content=\"2 minutes\" \/>\n<script type=\"application\/ld+json\" class=\"yoast-schema-graph\">{\"@context\":\"https:\/\/schema.org\",\"@graph\":[{\"@type\":\"WebPage\",\"@id\":\"https:\/\/otolaryngologia.biofaktor.pl\/en\/news\/\",\"url\":\"https:\/\/otolaryngologia.biofaktor.pl\/en\/news\/\",\"name\":\"News - Otolaryngologia\",\"isPartOf\":{\"@id\":\"https:\/\/otolaryngologia.biofaktor.pl\/en\/#website\"},\"datePublished\":\"2021-11-05T12:40:14+00:00\",\"dateModified\":\"2021-11-08T19:10:55+00:00\",\"breadcrumb\":{\"@id\":\"https:\/\/otolaryngologia.biofaktor.pl\/en\/news\/#breadcrumb\"},\"inLanguage\":\"en-US\",\"potentialAction\":[{\"@type\":\"ReadAction\",\"target\":[\"https:\/\/otolaryngologia.biofaktor.pl\/en\/news\/\"]}]},{\"@type\":\"BreadcrumbList\",\"@id\":\"https:\/\/otolaryngologia.biofaktor.pl\/en\/news\/#breadcrumb\",\"itemListElement\":[{\"@type\":\"ListItem\",\"position\":1,\"name\":\"Strona g\u0142\u00f3wna\",\"item\":\"https:\/\/otolaryngologia.biofaktor.pl\/en\/\"},{\"@type\":\"ListItem\",\"position\":2,\"name\":\"News\"}]},{\"@type\":\"WebSite\",\"@id\":\"https:\/\/otolaryngologia.biofaktor.pl\/en\/#website\",\"url\":\"https:\/\/otolaryngologia.biofaktor.pl\/en\/\",\"name\":\"Otolaryngologia\",\"description\":\"Biofaktor - Jako\u015b\u0107 ma znaczenie\",\"publisher\":{\"@id\":\"https:\/\/otolaryngologia.biofaktor.pl\/en\/#organization\"},\"potentialAction\":[{\"@type\":\"SearchAction\",\"target\":{\"@type\":\"EntryPoint\",\"urlTemplate\":\"https:\/\/otolaryngologia.biofaktor.pl\/en\/?s={search_term_string}\"},\"query-input\":{\"@type\":\"PropertyValueSpecification\",\"valueRequired\":true,\"valueName\":\"search_term_string\"}}],\"inLanguage\":\"en-US\"},{\"@type\":\"Organization\",\"@id\":\"https:\/\/otolaryngologia.biofaktor.pl\/en\/#organization\",\"name\":\"Otolaryngologia\",\"url\":\"https:\/\/otolaryngologia.biofaktor.pl\/en\/\",\"logo\":{\"@type\":\"ImageObject\",\"inLanguage\":\"en-US\",\"@id\":\"https:\/\/otolaryngologia.biofaktor.pl\/en\/#\/schema\/logo\/image\/\",\"url\":\"https:\/\/otolaryngologia.biofaktor.pl\/wp-content\/uploads\/2021\/11\/logo-Biofaktor-orto.svg\",\"contentUrl\":\"https:\/\/otolaryngologia.biofaktor.pl\/wp-content\/uploads\/2021\/11\/logo-Biofaktor-orto.svg\",\"caption\":\"Otolaryngologia\"},\"image\":{\"@id\":\"https:\/\/otolaryngologia.biofaktor.pl\/en\/#\/schema\/logo\/image\/\"},\"sameAs\":[\"https:\/\/www.facebook.com\/biofaktor\"]}]}<\/script>\n<!-- \/ Yoast SEO plugin. -->","yoast_head_json":{"title":"News - Otolaryngologia","robots":{"index":"index","follow":"follow","max-snippet":"max-snippet:-1","max-image-preview":"max-image-preview:large","max-video-preview":"max-video-preview:-1"},"canonical":"https:\/\/otolaryngologia.biofaktor.pl\/en\/news\/","og_locale":"en_US","og_type":"article","og_title":"News - Otolaryngologia","og_description":"News","og_url":"https:\/\/otolaryngologia.biofaktor.pl\/en\/news\/","og_site_name":"Otolaryngologia","article_publisher":"https:\/\/www.facebook.com\/biofaktor","article_modified_time":"2021-11-08T19:10:55+00:00","twitter_card":"summary_large_image","twitter_misc":{"Est. reading time":"2 minutes"},"schema":{"@context":"https:\/\/schema.org","@graph":[{"@type":"WebPage","@id":"https:\/\/otolaryngologia.biofaktor.pl\/en\/news\/","url":"https:\/\/otolaryngologia.biofaktor.pl\/en\/news\/","name":"News - Otolaryngologia","isPartOf":{"@id":"https:\/\/otolaryngologia.biofaktor.pl\/en\/#website"},"datePublished":"2021-11-05T12:40:14+00:00","dateModified":"2021-11-08T19:10:55+00:00","breadcrumb":{"@id":"https:\/\/otolaryngologia.biofaktor.pl\/en\/news\/#breadcrumb"},"inLanguage":"en-US","potentialAction":[{"@type":"ReadAction","target":["https:\/\/otolaryngologia.biofaktor.pl\/en\/news\/"]}]},{"@type":"BreadcrumbList","@id":"https:\/\/otolaryngologia.biofaktor.pl\/en\/news\/#breadcrumb","itemListElement":[{"@type":"ListItem","position":1,"name":"Strona g\u0142\u00f3wna","item":"https:\/\/otolaryngologia.biofaktor.pl\/en\/"},{"@type":"ListItem","position":2,"name":"News"}]},{"@type":"WebSite","@id":"https:\/\/otolaryngologia.biofaktor.pl\/en\/#website","url":"https:\/\/otolaryngologia.biofaktor.pl\/en\/","name":"Otolaryngologia","description":"Biofaktor - Jako\u015b\u0107 ma znaczenie","publisher":{"@id":"https:\/\/otolaryngologia.biofaktor.pl\/en\/#organization"},"potentialAction":[{"@type":"SearchAction","target":{"@type":"EntryPoint","urlTemplate":"https:\/\/otolaryngologia.biofaktor.pl\/en\/?s={search_term_string}"},"query-input":{"@type":"PropertyValueSpecification","valueRequired":true,"valueName":"search_term_string"}}],"inLanguage":"en-US"},{"@type":"Organization","@id":"https:\/\/otolaryngologia.biofaktor.pl\/en\/#organization","name":"Otolaryngologia","url":"https:\/\/otolaryngologia.biofaktor.pl\/en\/","logo":{"@type":"ImageObject","inLanguage":"en-US","@id":"https:\/\/otolaryngologia.biofaktor.pl\/en\/#\/schema\/logo\/image\/","url":"https:\/\/otolaryngologia.biofaktor.pl\/wp-content\/uploads\/2021\/11\/logo-Biofaktor-orto.svg","contentUrl":"https:\/\/otolaryngologia.biofaktor.pl\/wp-content\/uploads\/2021\/11\/logo-Biofaktor-orto.svg","caption":"Otolaryngologia"},"image":{"@id":"https:\/\/otolaryngologia.biofaktor.pl\/en\/#\/schema\/logo\/image\/"},"sameAs":["https:\/\/www.facebook.com\/biofaktor"]}]}},"_links":{"self":[{"href":"https:\/\/otolaryngologia.biofaktor.pl\/en\/wp-json\/wp\/v2\/pages\/1034","targetHints":{"allow":["GET"]}}],"collection":[{"href":"https:\/\/otolaryngologia.biofaktor.pl\/en\/wp-json\/wp\/v2\/pages"}],"about":[{"href":"https:\/\/otolaryngologia.biofaktor.pl\/en\/wp-json\/wp\/v2\/types\/page"}],"author":[{"embeddable":true,"href":"https:\/\/otolaryngologia.biofaktor.pl\/en\/wp-json\/wp\/v2\/users\/1"}],"replies":[{"embeddable":true,"href":"https:\/\/otolaryngologia.biofaktor.pl\/en\/wp-json\/wp\/v2\/comments?post=1034"}],"version-history":[{"count":4,"href":"https:\/\/otolaryngologia.biofaktor.pl\/en\/wp-json\/wp\/v2\/pages\/1034\/revisions"}],"predecessor-version":[{"id":1675,"href":"https:\/\/otolaryngologia.biofaktor.pl\/en\/wp-json\/wp\/v2\/pages\/1034\/revisions\/1675"}],"wp:attachment":[{"href":"https:\/\/otolaryngologia.biofaktor.pl\/en\/wp-json\/wp\/v2\/media?parent=1034"}],"curies":[{"name":"wp","href":"https:\/\/api.w.org\/{rel}","templated":true}]}}